{"id":6,"date":"2024-03-27T14:56:16","date_gmt":"2024-03-27T14:56:16","guid":{"rendered":"https:\/\/coqsthonore.fr\/?page_id=6"},"modified":"2024-04-04T08:28:46","modified_gmt":"2024-04-04T08:28:46","slug":"hello","status":"publish","type":"page","link":"https:\/\/coqsthonore.fr\/?page_id=6","title":{"rendered":"Hello"},"content":{"rendered":"\n<div style=\"height:min(6.5rem, 8vw);width:0px\" aria-hidden=\"true\" class=\"wp-block-spacer\"><\/div>\n\n\n\n<div class=\"wp-block-group alignfull has-accent-background-color has-background has-global-padding is-layout-constrained wp-container-core-group-is-layout-669513ed wp-block-group-is-layout-constrained\" style=\"margin-top:0;margin-bottom:0;padding-top:var(--wp--preset--spacing--50);padding-right:var(--wp--preset--spacing--50);padding-bottom:var(--wp--preset--spacing--50);padding-left:var(--wp--preset--spacing--50)\">\n<div class=\"wp-block-columns alignwide is-layout-flex wp-container-core-columns-is-layout-1da03c2a wp-block-columns-is-layout-flex\">\n<div class=\"wp-block-column is-vertically-aligned-stretch is-layout-flow wp-block-column-is-layout-flow\" style=\"flex-basis:50%\">\n<div class=\"wp-block-group is-vertical is-content-justification-stretch is-layout-flex wp-container-core-group-is-layout-444d5ee8 wp-block-group-is-layout-flex\" style=\"min-height:100%\">\n<div class=\"wp-block-group has-global-padding is-content-justification-left is-layout-constrained wp-container-core-group-is-layout-9fe8ed88 wp-block-group-is-layout-constrained\">\n<figure class=\"wp-block-image size-large\"><img loading=\"lazy\" decoding=\"async\" width=\"1024\" height=\"668\" src=\"https:\/\/coqsthonore.fr\/wp-content\/uploads\/2024\/03\/LOGO-LE-COQ-SAINT-HONORE-BG-NOIR@4x-1024x668.png\" alt=\"\" class=\"wp-image-69\" srcset=\"https:\/\/coqsthonore.fr\/wp-content\/uploads\/2024\/03\/LOGO-LE-COQ-SAINT-HONORE-BG-NOIR@4x-1024x668.png 1024w, https:\/\/coqsthonore.fr\/wp-content\/uploads\/2024\/03\/LOGO-LE-COQ-SAINT-HONORE-BG-NOIR@4x-300x196.png 300w, https:\/\/coqsthonore.fr\/wp-content\/uploads\/2024\/03\/LOGO-LE-COQ-SAINT-HONORE-BG-NOIR@4x-768x501.png 768w, https:\/\/coqsthonore.fr\/wp-content\/uploads\/2024\/03\/LOGO-LE-COQ-SAINT-HONORE-BG-NOIR@4x-1536x1002.png 1536w, https:\/\/coqsthonore.fr\/wp-content\/uploads\/2024\/03\/LOGO-LE-COQ-SAINT-HONORE-BG-NOIR@4x-2048x1335.png 2048w\" sizes=\"auto, (max-width: 1024px) 100vw, 1024px\" \/><\/figure>\n<\/div>\n\n\n\n<div class=\"wp-block-group has-global-padding is-layout-constrained wp-block-group-is-layout-constrained\">\n<p class=\"has-heading-font-family has-x-large-font-size\" style=\"line-height:1.2\">Le site du Coq Saint-Honor\u00e9 ouvrira bient\u00f4t ses portes. En attendant, vous pouvez nous contacter directement par t\u00e9l\u00e9phone au <strong>01\u00a042\u00a061\u00a052\u00a004<\/strong><\/p>\n\n\n\n<div class=\"wp-block-buttons is-layout-flex wp-block-buttons-is-layout-flex\">\n<div class=\"wp-block-button\"><a class=\"wp-block-button__link wp-element-button\" href=\"mailto:commandes@coqsthonore.fr\" target=\"_blank\" rel=\"noreferrer noopener\">Ou par email en cliquant ici<\/a><\/div>\n<\/div>\n<\/div>\n<\/div>\n<\/div>\n\n\n\n<div class=\"wp-block-column is-vertically-aligned-center is-layout-flow wp-block-column-is-layout-flow\" style=\"flex-basis:50%\">\n<figure class=\"wp-block-image size-large is-style-rounded is-style-rounded--1\"><img loading=\"lazy\" decoding=\"async\" width=\"682\" height=\"1024\" src=\"https:\/\/coqsthonore.fr\/wp-content\/uploads\/2024\/03\/nb-8000-Grande-682x1024.jpeg\" alt=\"\" class=\"wp-image-57\" style=\"aspect-ratio:3\/4;object-fit:contain\" srcset=\"https:\/\/coqsthonore.fr\/wp-content\/uploads\/2024\/03\/nb-8000-Grande-682x1024.jpeg 682w, https:\/\/coqsthonore.fr\/wp-content\/uploads\/2024\/03\/nb-8000-Grande-200x300.jpeg 200w, https:\/\/coqsthonore.fr\/wp-content\/uploads\/2024\/03\/nb-8000-Grande-768x1152.jpeg 768w, https:\/\/coqsthonore.fr\/wp-content\/uploads\/2024\/03\/nb-8000-Grande.jpeg 853w\" sizes=\"auto, (max-width: 682px) 100vw, 682px\" \/><\/figure>\n<\/div>\n<\/div>\n<\/div>\n\n\n\n<div class=\"wp-block-group alignfull has-global-padding is-layout-constrained wp-container-core-group-is-layout-b25ccd55 wp-block-group-is-layout-constrained\" style=\"margin-top:0;margin-bottom:0;padding-top:var(--wp--preset--spacing--50);padding-right:var(--wp--preset--spacing--50);padding-bottom:var(--wp--preset--spacing--50);padding-left:var(--wp--preset--spacing--50)\">\n<div class=\"wp-block-columns alignwide is-layout-flex wp-container-core-columns-is-layout-ff4b9c61 wp-block-columns-is-layout-flex\" style=\"margin-top:0;margin-bottom:0\">\n<div class=\"wp-block-column is-layout-flow wp-container-core-column-is-layout-8a368f38 wp-block-column-is-layout-flow\">\n<figure class=\"wp-block-image size-large is-style-rounded is-style-rounded--2\"><img loading=\"lazy\" decoding=\"async\" width=\"1024\" height=\"682\" src=\"https:\/\/coqsthonore.fr\/wp-content\/uploads\/2024\/03\/nb-7319-Grande-1024x682.jpeg\" alt=\"\" class=\"wp-image-25\" style=\"aspect-ratio:4\/3;object-fit:cover\" srcset=\"https:\/\/coqsthonore.fr\/wp-content\/uploads\/2024\/03\/nb-7319-Grande-1024x682.jpeg 1024w, https:\/\/coqsthonore.fr\/wp-content\/uploads\/2024\/03\/nb-7319-Grande-300x200.jpeg 300w, https:\/\/coqsthonore.fr\/wp-content\/uploads\/2024\/03\/nb-7319-Grande-768x512.jpeg 768w, https:\/\/coqsthonore.fr\/wp-content\/uploads\/2024\/03\/nb-7319-Grande.jpeg 1280w\" sizes=\"auto, (max-width: 1024px) 100vw, 1024px\" \/><\/figure>\n\n\n\n<div style=\"height:var(--wp--preset--spacing--50)\" aria-hidden=\"true\" class=\"wp-block-spacer\"><\/div>\n\n\n\n<figure class=\"wp-block-image size-large is-style-rounded is-style-rounded--3\"><img loading=\"lazy\" decoding=\"async\" width=\"682\" height=\"1024\" src=\"https:\/\/coqsthonore.fr\/wp-content\/uploads\/2024\/03\/nb-7351-Grande-682x1024.jpeg\" alt=\"\" class=\"wp-image-29\" style=\"aspect-ratio:3\/4;object-fit:cover\" srcset=\"https:\/\/coqsthonore.fr\/wp-content\/uploads\/2024\/03\/nb-7351-Grande-682x1024.jpeg 682w, https:\/\/coqsthonore.fr\/wp-content\/uploads\/2024\/03\/nb-7351-Grande-200x300.jpeg 200w, https:\/\/coqsthonore.fr\/wp-content\/uploads\/2024\/03\/nb-7351-Grande-768x1152.jpeg 768w, https:\/\/coqsthonore.fr\/wp-content\/uploads\/2024\/03\/nb-7351-Grande.jpeg 853w\" sizes=\"auto, (max-width: 682px) 100vw, 682px\" \/><\/figure>\n\n\n\n<div style=\"height:var(--wp--preset--spacing--50)\" aria-hidden=\"true\" class=\"wp-block-spacer\"><\/div>\n\n\n\n<figure class=\"wp-block-image size-large is-style-rounded is-style-rounded--4\"><img loading=\"lazy\" decoding=\"async\" width=\"1024\" height=\"682\" src=\"https:\/\/coqsthonore.fr\/wp-content\/uploads\/2024\/03\/nb-7930-Grande-1024x682.jpeg\" alt=\"\" class=\"wp-image-55\" style=\"aspect-ratio:3\/4;object-fit:cover\" srcset=\"https:\/\/coqsthonore.fr\/wp-content\/uploads\/2024\/03\/nb-7930-Grande-1024x682.jpeg 1024w, https:\/\/coqsthonore.fr\/wp-content\/uploads\/2024\/03\/nb-7930-Grande-300x200.jpeg 300w, https:\/\/coqsthonore.fr\/wp-content\/uploads\/2024\/03\/nb-7930-Grande-768x512.jpeg 768w, https:\/\/coqsthonore.fr\/wp-content\/uploads\/2024\/03\/nb-7930-Grande.jpeg 1280w\" sizes=\"auto, (max-width: 1024px) 100vw, 1024px\" \/><\/figure>\n<\/div>\n\n\n\n<div class=\"wp-block-column is-layout-flow wp-container-core-column-is-layout-8a368f38 wp-block-column-is-layout-flow\">\n<div style=\"height:var(--wp--preset--spacing--50)\" aria-hidden=\"true\" class=\"wp-block-spacer\"><\/div>\n\n\n\n<figure class=\"wp-block-image size-large is-style-rounded is-style-rounded--5\"><img loading=\"lazy\" decoding=\"async\" width=\"1024\" height=\"682\" src=\"https:\/\/coqsthonore.fr\/wp-content\/uploads\/2024\/03\/nb-7566-Grande-1024x682.jpeg\" alt=\"\" class=\"wp-image-37\" style=\"aspect-ratio:3\/4;object-fit:cover\" srcset=\"https:\/\/coqsthonore.fr\/wp-content\/uploads\/2024\/03\/nb-7566-Grande-1024x682.jpeg 1024w, https:\/\/coqsthonore.fr\/wp-content\/uploads\/2024\/03\/nb-7566-Grande-300x200.jpeg 300w, https:\/\/coqsthonore.fr\/wp-content\/uploads\/2024\/03\/nb-7566-Grande-768x512.jpeg 768w, https:\/\/coqsthonore.fr\/wp-content\/uploads\/2024\/03\/nb-7566-Grande.jpeg 1280w\" sizes=\"auto, (max-width: 1024px) 100vw, 1024px\" \/><\/figure>\n\n\n\n<div style=\"height:var(--wp--preset--spacing--50)\" aria-hidden=\"true\" class=\"wp-block-spacer\"><\/div>\n\n\n\n<figure class=\"wp-block-image size-large is-style-rounded is-style-rounded--6\"><img loading=\"lazy\" decoding=\"async\" width=\"1024\" height=\"682\" src=\"https:\/\/coqsthonore.fr\/wp-content\/uploads\/2024\/03\/nb-7923-Grande-1024x682.jpeg\" alt=\"\" class=\"wp-image-54\" style=\"aspect-ratio:1;object-fit:cover\" srcset=\"https:\/\/coqsthonore.fr\/wp-content\/uploads\/2024\/03\/nb-7923-Grande-1024x682.jpeg 1024w, https:\/\/coqsthonore.fr\/wp-content\/uploads\/2024\/03\/nb-7923-Grande-300x200.jpeg 300w, https:\/\/coqsthonore.fr\/wp-content\/uploads\/2024\/03\/nb-7923-Grande-768x512.jpeg 768w, https:\/\/coqsthonore.fr\/wp-content\/uploads\/2024\/03\/nb-7923-Grande.jpeg 1280w\" sizes=\"auto, (max-width: 1024px) 100vw, 1024px\" \/><\/figure>\n\n\n\n<div style=\"height:var(--wp--preset--spacing--50)\" aria-hidden=\"true\" class=\"wp-block-spacer\"><\/div>\n\n\n\n<figure class=\"wp-block-image size-large is-style-rounded is-style-rounded--7\"><img loading=\"lazy\" decoding=\"async\" width=\"682\" height=\"1024\" src=\"https:\/\/coqsthonore.fr\/wp-content\/uploads\/2024\/03\/nb-7862-Grande-682x1024.jpeg\" alt=\"\" class=\"wp-image-45\" style=\"aspect-ratio:1;object-fit:cover\" srcset=\"https:\/\/coqsthonore.fr\/wp-content\/uploads\/2024\/03\/nb-7862-Grande-682x1024.jpeg 682w, https:\/\/coqsthonore.fr\/wp-content\/uploads\/2024\/03\/nb-7862-Grande-200x300.jpeg 200w, https:\/\/coqsthonore.fr\/wp-content\/uploads\/2024\/03\/nb-7862-Grande-768x1152.jpeg 768w, https:\/\/coqsthonore.fr\/wp-content\/uploads\/2024\/03\/nb-7862-Grande.jpeg 853w\" sizes=\"auto, (max-width: 682px) 100vw, 682px\" \/><\/figure>\n<\/div>\n\n\n\n<div class=\"wp-block-column is-layout-flow wp-container-core-column-is-layout-8a368f38 wp-block-column-is-layout-flow\">\n<figure class=\"wp-block-image size-large is-style-rounded is-style-rounded--8\"><img loading=\"lazy\" decoding=\"async\" width=\"1024\" height=\"682\" src=\"https:\/\/coqsthonore.fr\/wp-content\/uploads\/2024\/03\/nb-8364-Grande-1024x682.jpeg\" alt=\"\" class=\"wp-image-59\" style=\"aspect-ratio:3\/4;object-fit:cover\" srcset=\"https:\/\/coqsthonore.fr\/wp-content\/uploads\/2024\/03\/nb-8364-Grande-1024x682.jpeg 1024w, https:\/\/coqsthonore.fr\/wp-content\/uploads\/2024\/03\/nb-8364-Grande-300x200.jpeg 300w, https:\/\/coqsthonore.fr\/wp-content\/uploads\/2024\/03\/nb-8364-Grande-768x512.jpeg 768w, https:\/\/coqsthonore.fr\/wp-content\/uploads\/2024\/03\/nb-8364-Grande.jpeg 1280w\" sizes=\"auto, (max-width: 1024px) 100vw, 1024px\" \/><\/figure>\n\n\n\n<div style=\"height:var(--wp--preset--spacing--50)\" aria-hidden=\"true\" class=\"wp-block-spacer\"><\/div>\n\n\n\n<figure class=\"wp-block-image size-large is-style-rounded is-style-rounded--9\"><img loading=\"lazy\" decoding=\"async\" width=\"1024\" height=\"682\" src=\"https:\/\/coqsthonore.fr\/wp-content\/uploads\/2024\/03\/nb-7161-Grande-1024x682.jpeg\" alt=\"\" class=\"wp-image-17\" style=\"aspect-ratio:3\/4;object-fit:cover\" srcset=\"https:\/\/coqsthonore.fr\/wp-content\/uploads\/2024\/03\/nb-7161-Grande-1024x682.jpeg 1024w, https:\/\/coqsthonore.fr\/wp-content\/uploads\/2024\/03\/nb-7161-Grande-300x200.jpeg 300w, https:\/\/coqsthonore.fr\/wp-content\/uploads\/2024\/03\/nb-7161-Grande-768x512.jpeg 768w, https:\/\/coqsthonore.fr\/wp-content\/uploads\/2024\/03\/nb-7161-Grande.jpeg 1280w\" sizes=\"auto, (max-width: 1024px) 100vw, 1024px\" \/><\/figure>\n\n\n\n<div style=\"height:var(--wp--preset--spacing--50)\" aria-hidden=\"true\" class=\"wp-block-spacer\"><\/div>\n\n\n\n<figure class=\"wp-block-image size-large is-style-rounded is-style-rounded--10\"><img loading=\"lazy\" decoding=\"async\" width=\"682\" height=\"1024\" src=\"https:\/\/coqsthonore.fr\/wp-content\/uploads\/2024\/03\/nb-7366-Grande-682x1024.jpeg\" alt=\"\" class=\"wp-image-31\" style=\"aspect-ratio:16\/9;object-fit:cover\" srcset=\"https:\/\/coqsthonore.fr\/wp-content\/uploads\/2024\/03\/nb-7366-Grande-682x1024.jpeg 682w, https:\/\/coqsthonore.fr\/wp-content\/uploads\/2024\/03\/nb-7366-Grande-200x300.jpeg 200w, https:\/\/coqsthonore.fr\/wp-content\/uploads\/2024\/03\/nb-7366-Grande-768x1152.jpeg 768w, https:\/\/coqsthonore.fr\/wp-content\/uploads\/2024\/03\/nb-7366-Grande.jpeg 853w\" sizes=\"auto, (max-width: 682px) 100vw, 682px\" \/><\/figure>\n<\/div>\n\n\n\n<div class=\"wp-block-column is-layout-flow wp-container-core-column-is-layout-8a368f38 wp-block-column-is-layout-flow\">\n<div style=\"height:var(--wp--preset--spacing--50)\" aria-hidden=\"true\" class=\"wp-block-spacer\"><\/div>\n\n\n\n<figure class=\"wp-block-image size-large is-style-rounded is-style-rounded--11\"><img loading=\"lazy\" decoding=\"async\" width=\"682\" height=\"1024\" src=\"https:\/\/coqsthonore.fr\/wp-content\/uploads\/2024\/03\/nb-7880-Grande-682x1024.jpeg\" alt=\"\" class=\"wp-image-48\" style=\"aspect-ratio:1;object-fit:cover\" srcset=\"https:\/\/coqsthonore.fr\/wp-content\/uploads\/2024\/03\/nb-7880-Grande-682x1024.jpeg 682w, https:\/\/coqsthonore.fr\/wp-content\/uploads\/2024\/03\/nb-7880-Grande-200x300.jpeg 200w, https:\/\/coqsthonore.fr\/wp-content\/uploads\/2024\/03\/nb-7880-Grande-768x1152.jpeg 768w, https:\/\/coqsthonore.fr\/wp-content\/uploads\/2024\/03\/nb-7880-Grande.jpeg 853w\" sizes=\"auto, (max-width: 682px) 100vw, 682px\" \/><\/figure>\n\n\n\n<div style=\"height:var(--wp--preset--spacing--50)\" aria-hidden=\"true\" class=\"wp-block-spacer\"><\/div>\n\n\n\n<figure class=\"wp-block-image size-large is-style-rounded is-style-rounded--12\"><img loading=\"lazy\" decoding=\"async\" width=\"682\" height=\"1024\" src=\"https:\/\/coqsthonore.fr\/wp-content\/uploads\/2024\/03\/nb-7301-Grande-682x1024.jpeg\" alt=\"\" class=\"wp-image-23\" style=\"aspect-ratio:16\/9;object-fit:cover\" srcset=\"https:\/\/coqsthonore.fr\/wp-content\/uploads\/2024\/03\/nb-7301-Grande-682x1024.jpeg 682w, https:\/\/coqsthonore.fr\/wp-content\/uploads\/2024\/03\/nb-7301-Grande-200x300.jpeg 200w, https:\/\/coqsthonore.fr\/wp-content\/uploads\/2024\/03\/nb-7301-Grande-768x1152.jpeg 768w, https:\/\/coqsthonore.fr\/wp-content\/uploads\/2024\/03\/nb-7301-Grande.jpeg 853w\" sizes=\"auto, (max-width: 682px) 100vw, 682px\" \/><\/figure>\n\n\n\n<div style=\"height:var(--wp--preset--spacing--50)\" aria-hidden=\"true\" class=\"wp-block-spacer\"><\/div>\n\n\n\n<figure class=\"wp-block-image size-large is-style-rounded is-style-rounded--13\"><img loading=\"lazy\" decoding=\"async\" width=\"1024\" height=\"682\" src=\"https:\/\/coqsthonore.fr\/wp-content\/uploads\/2024\/03\/nb-8242-Grande-1024x682.jpeg\" alt=\"\" class=\"wp-image-58\" style=\"aspect-ratio:9\/16;object-fit:cover\" srcset=\"https:\/\/coqsthonore.fr\/wp-content\/uploads\/2024\/03\/nb-8242-Grande-1024x682.jpeg 1024w, https:\/\/coqsthonore.fr\/wp-content\/uploads\/2024\/03\/nb-8242-Grande-300x200.jpeg 300w, https:\/\/coqsthonore.fr\/wp-content\/uploads\/2024\/03\/nb-8242-Grande-768x512.jpeg 768w, https:\/\/coqsthonore.fr\/wp-content\/uploads\/2024\/03\/nb-8242-Grande.jpeg 1280w\" sizes=\"auto, (max-width: 1024px) 100vw, 1024px\" \/><\/figure>\n<\/div>\n<\/div>\n<\/div>\n\n\n\n<p><\/p>\n","protected":false},"excerpt":{"rendered":"<p>Le site du Coq Saint-Honor\u00e9 ouvrira bient\u00f4t ses portes. En attendant, vous pouvez nous contacter directement par t\u00e9l\u00e9phone au 01\u00a042\u00a061\u00a052\u00a004<\/p>\n","protected":false},"author":1,"featured_media":0,"parent":0,"menu_order":0,"comment_status":"closed","ping_status":"closed","template":"wp-custom-template-page-sans-leader-ni-footer","meta":{"footnotes":""},"class_list":["post-6","page","type-page","status-publish","hentry"],"_links":{"self":[{"href":"https:\/\/coqsthonore.fr\/index.php?rest_route=\/wp\/v2\/pages\/6","targetHints":{"allow":["GET"]}}],"collection":[{"href":"https:\/\/coqsthonore.fr\/index.php?rest_route=\/wp\/v2\/pages"}],"about":[{"href":"https:\/\/coqsthonore.fr\/index.php?rest_route=\/wp\/v2\/types\/page"}],"author":[{"embeddable":true,"href":"https:\/\/coqsthonore.fr\/index.php?rest_route=\/wp\/v2\/users\/1"}],"replies":[{"embeddable":true,"href":"https:\/\/coqsthonore.fr\/index.php?rest_route=%2Fwp%2Fv2%2Fcomments&post=6"}],"version-history":[{"count":29,"href":"https:\/\/coqsthonore.fr\/index.php?rest_route=\/wp\/v2\/pages\/6\/revisions"}],"predecessor-version":[{"id":98,"href":"https:\/\/coqsthonore.fr\/index.php?rest_route=\/wp\/v2\/pages\/6\/revisions\/98"}],"wp:attachment":[{"href":"https:\/\/coqsthonore.fr\/index.php?rest_route=%2Fwp%2Fv2%2Fmedia&parent=6"}],"curies":[{"name":"wp","href":"https:\/\/api.w.org\/{rel}","templated":true}]}}